{"id":2328,"date":"2023-09-22T03:29:48","date_gmt":"2023-09-22T03:29:48","guid":{"rendered":"https:\/\/cascinadelpozzo.com\/datenschutzbestimmungen\/"},"modified":"2024-08-18T08:02:36","modified_gmt":"2024-08-18T08:02:36","slug":"datenschutzbestimmungen","status":"publish","type":"page","link":"https:\/\/cascinadelpozzo.com\/de\/datenschutzbestimmungen\/","title":{"rendered":"Datenschutzbestimmungen"},"content":{"rendered":"\n<p><\/p><h4 style=\"box-sizing: border-box; margin-top: 0px; margin-bottom: 16px; font-weight: 700; color: rgb(71, 75, 79); font-family: Roboto, sans-serif; font-size: 14px; text-transform: none; white-space-collapse: collapse; background-color: rgb(255, 255, 255);\">Politica sulla riservatezza<\/h4><p style=\"box-sizing: border-box; padding: 0px; margin-right: 0px; margin-bottom: 16px; margin-left: 0px; color: rgb(71, 75, 79); font-family: Roboto, sans-serif; font-size: 14px; white-space-collapse: collapse; background-color: rgb(255, 255, 255);\">Die Website cascinadelpozzo.com ist Eigentum der Cascina del Pozzo SSA, die f\u00fcr die Verarbeitung Ihrer pers\u00f6nlichen Daten verantwortlich ist. Wir haben diese Datenschutzpolitik angenommen, die festlegt, wie cascinadelpozzo.com mit den gesammelten Informationen umgeht und aus welchen Gr\u00fcnden bestimmte pers\u00f6nliche Daten \u00fcber Sie gesammelt werden. Daher sollten Sie diese Datenschutzerkl\u00e4rung lesen, bevor Sie cascinadelpozzo.com nutzen. Wir verarbeiten Ihre pers\u00f6nlichen Daten und garantieren deren Vertraulichkeit und Sicherheit.<\/p><h4 style=\"box-sizing: border-box; margin-top: 0px; margin-bottom: 16px; font-weight: 700; color: rgb(71, 75, 79); font-family: Roboto, sans-serif; font-size: 14px; text-transform: none; white-space-collapse: collapse; background-color: rgb(255, 255, 255);\">Informazioni personali raccolte:<\/h4><p style=\"box-sizing: border-box; padding: 0px; margin-right: 0px; margin-bottom: 16px; margin-left: 0px; color: rgb(71, 75, 79); font-family: Roboto, sans-serif; font-size: 14px; white-space-collapse: collapse; background-color: rgb(255, 255, 255);\">Wenn Sie cascinadelpozzo.com besuchen, sammeln wir automatisch bestimmte Informationen \u00fcber Ihr Ger\u00e4t, einschlie\u00dflich Informationen \u00fcber Ihren Webbrowser, Ihre IP-Adresse, die Zeitzone und die auf Ihrem Ger\u00e4t installierten Cookies. Wenn Sie auf der Website surfen, sammeln wir au\u00dferdem Informationen \u00fcber die von Ihnen angezeigten Webseiten oder Produkte, \u00fcber Websites oder Suchbegriffe, die auf die Website verweisen, und dar\u00fcber, wie Sie mit der Website interagieren. Wir bezeichnen solche automatisch erfassten Informationen als &#8222;Ger\u00e4teinformationen&#8220;. Dar\u00fcber hinaus k\u00f6nnen wir personenbezogene Daten erfassen, die Sie bei der Registrierung angeben (insbesondere Ihren Vor- und Nachnamen, Ihre Adresse, Zahlungsinformationen usw.), um den Vertrag zu erf\u00fcllen.<\/p><h4 style=\"box-sizing: border-box; margin-top: 0px; margin-bottom: 16px; font-weight: 700; color: rgb(71, 75, 79); font-family: Roboto, sans-serif; font-size: 14px; text-transform: none; white-space-collapse: collapse; background-color: rgb(255, 255, 255);\">Perch\u00e9 trattiamo i dati?<\/h4><p style=\"box-sizing: border-box; padding: 0px; margin-right: 0px; margin-bottom: 16px; margin-left: 0px; color: rgb(71, 75, 79); font-family: Roboto, sans-serif; font-size: 14px; white-space-collapse: collapse; background-color: rgb(255, 255, 255);\">Die Sicherheit der Kundendaten hat f\u00fcr uns Priorit\u00e4t, daher verarbeiten wir nur Nutzerdaten, die f\u00fcr den Betrieb der Website unbedingt erforderlich sind. Die automatisch gesammelten Informationen werden nur verwendet, um m\u00f6gliche Missbrauchsf\u00e4lle zu erkennen und Statistiken \u00fcber die Nutzung der Website zu erstellen. Diese statistischen Informationen werden nicht so zusammengefasst, dass ein bestimmter Nutzer des Systems identifiziert werden kann. Sie k\u00f6nnen die Website besuchen, ohne Informationen preiszugeben, durch die Sie pers\u00f6nlich identifiziert werden k\u00f6nnten. Wenn Sie jedoch einige Funktionen der Website nutzen, Newsletter erhalten oder andere Angaben in einem Formular machen m\u00f6chten, m\u00fcssen Sie uns unter Umst\u00e4nden personenbezogene Daten wie E-Mail, Vorname, Nachname, Wohnort, Organisation und Telefonnummer mitteilen. Sie k\u00f6nnen sich daf\u00fcr entscheiden, keine pers\u00f6nlichen Daten anzugeben, aber in diesem Fall k\u00f6nnen Sie bestimmte Funktionen der Website nicht nutzen. So k\u00f6nnen Sie beispielsweise unseren Newsletter nicht empfangen oder uns direkt von der Website aus kontaktieren. Nutzer, die nicht wissen, welche Informationen obligatorisch sind, k\u00f6nnen sich unter info@cascinadelpozzo.com an uns wenden.<\/p><h4 style=\"box-sizing: border-box; margin-top: 0px; margin-bottom: 16px; font-weight: 700; color: rgb(71, 75, 79); font-family: Roboto, sans-serif; font-size: 14px; text-transform: none; white-space-collapse: collapse; background-color: rgb(255, 255, 255);\">I Suoi diritti:<\/h4><p style=\"box-sizing: border-box; padding: 0px; margin-right: 0px; margin-bottom: 16px; margin-left: 0px; color: rgb(71, 75, 79); font-family: Roboto, sans-serif; font-size: 14px; white-space-collapse: collapse; background-color: rgb(255, 255, 255);\">Wenn Sie in der Europ\u00e4ischen Union ans\u00e4ssig sind, haben Sie die folgenden Rechte in Bezug auf Ihre personenbezogenen Daten:<\/p><ul style=\"box-sizing: border-box; padding-left: 0px; margin: 0px 0px 16px; list-style-position: inside; color: rgb(71, 75, 79); font-family: Roboto, sans-serif; font-size: 14px; white-space-collapse: collapse; background-color: rgb(255, 255, 255);\"><li style=\"box-sizing: border-box; padding: 0px; margin: 0px;\">Il diritto di essere informato.Il diritto all&#8217;accesso.Il diritto di modifica.Il diritto di eliminazione.Il diritto di limitazione del trattamento.Il diritto di portabilit\u00e0 dei dati.Il diritto di obiezione.Il diritto in relazione a decisione e profilazione automatizzata.<\/li><\/ul><p style=\"box-sizing: border-box; padding: 0px; margin-right: 0px; margin-bottom: 16px; margin-left: 0px; color: rgb(71, 75, 79); font-family: Roboto, sans-serif; font-size: 14px; white-space-collapse: collapse; background-color: rgb(255, 255, 255);\">Wenn Sie Ihren Wohnsitz in der Europ\u00e4ischen Union haben, verarbeiten wir Ihre Daten au\u00dferdem, um Vertr\u00e4ge mit Ihnen zu schlie\u00dfen (z. B. wenn Sie eine Bestellung \u00fcber die Website aufgeben) oder um unsere berechtigten Gesch\u00e4ftsinteressen wie oben beschrieben zu erf\u00fcllen. Auch hier ist zu beachten, dass Informationen au\u00dferhalb Europas, auch nach Kanada und in die Vereinigten Staaten, \u00fcbermittelt werden k\u00f6nnen.<\/p><h4 style=\"box-sizing: border-box; margin-top: 0px; margin-bottom: 16px; font-weight: 700; color: rgb(71, 75, 79); font-family: Roboto, sans-serif; font-size: 14px; text-transform: none; white-space-collapse: collapse; background-color: rgb(255, 255, 255);\">Collegamenti ad altri siti:<\/h4><p style=\"box-sizing: border-box; padding: 0px; margin-right: 0px; margin-bottom: 16px; margin-left: 0px; color: rgb(71, 75, 79); font-family: Roboto, sans-serif; font-size: 14px; white-space-collapse: collapse; background-color: rgb(255, 255, 255);\">Unsere Website kann Links zu anderen Websites enthalten, die nicht von uns betrieben oder kontrolliert werden. Beachten Sie, dass wir nicht f\u00fcr die Datenschutzpraktiken anderer Websites oder Dritter verantwortlich sind. Wir bitten Sie dringend, beim Verlassen der Website vorsichtig zu sein und die Datenschutzerkl\u00e4rungen aller Websites zu lesen, die personenbezogene Daten erfassen.<\/p><h4 style=\"box-sizing: border-box; margin-top: 0px; margin-bottom: 16px; font-weight: 700; color: rgb(71, 75, 79); font-family: Roboto, sans-serif; font-size: 14px; text-transform: none; white-space-collapse: collapse; background-color: rgb(255, 255, 255);\">Sicurezza delle informazioni:<\/h4><p style=\"box-sizing: border-box; padding: 0px; margin-right: 0px; margin-bottom: 16px; margin-left: 0px; color: rgb(71, 75, 79); font-family: Roboto, sans-serif; font-size: 14px; white-space-collapse: collapse; background-color: rgb(255, 255, 255);\">Wir sch\u00fctzen die von Ihnen zur Verf\u00fcgung gestellten Informationen auf kontrollierten Computerservern, einer sicheren Umgebung, die vor unbefugtem Zugriff, Verwendung oder Offenlegung gesch\u00fctzt ist. Wir treffen angemessene physische, technische und administrative Sicherheitsvorkehrungen, um den unbefugten Zugriff auf die in unserem Besitz befindlichen personenbezogenen Daten sowie deren Nutzung, \u00c4nderung und Offenlegung zu verhindern. Dennoch kann keine Daten\u00fcbertragung \u00fcber das Internet oder ein drahtloses Netz vollst\u00e4ndig als sicher garantiert werden.<\/p><h4 style=\"box-sizing: border-box; margin-top: 0px; margin-bottom: 16px; font-weight: 700; color: rgb(71, 75, 79); font-family: Roboto, sans-serif; font-size: 14px; text-transform: none; white-space-collapse: collapse; background-color: rgb(255, 255, 255);\">Avvertenza legale:<\/h4><p style=\"box-sizing: border-box; padding: 0px; margin-right: 0px; margin-bottom: 16px; margin-left: 0px; color: rgb(71, 75, 79); font-family: Roboto, sans-serif; font-size: 14px; white-space-collapse: collapse; background-color: rgb(255, 255, 255);\">Wir geben gesammelte, verwendete oder erhaltene Informationen weiter, wenn dies gesetzlich vorgeschrieben oder zul\u00e4ssig ist, z. B. um gerichtlichen Anordnungen oder \u00e4hnlichen rechtlichen Verfahren nachzukommen, oder wenn wir in gutem Glauben davon ausgehen, dass die Offenlegung notwendig ist, um unsere Rechte zu sch\u00fctzen, Ihre Sicherheit oder die Sicherheit anderer zu sch\u00fctzen, Betrug zu untersuchen oder auf Anfragen von Beh\u00f6rden zu reagieren.<\/p><h4 style=\"box-sizing: border-box; margin-top: 0px; margin-bottom: 16px; font-weight: 700; color: rgb(71, 75, 79); font-family: Roboto, sans-serif; font-size: 14px; text-transform: none; white-space-collapse: collapse; background-color: rgb(255, 255, 255);\">Informazioni di contatto:<\/h4><p style=\"box-sizing: border-box; padding: 0px; margin-right: 0px; margin-bottom: 0px; margin-left: 0px; color: rgb(71, 75, 79); font-family: Roboto, sans-serif; font-size: 14px; white-space-collapse: collapse; background-color: rgb(255, 255, 255);\">Bei Fragen zu individuellen Rechten oder pers\u00f6nlichen Informationen senden Sie bitte eine E-Mail an info@cascinadelpozzo.com.<\/p>\n","protected":false},"excerpt":{"rendered":"<p>Politica sulla riservatezza Die Website cascinadelpozzo.com ist Eigentum der Cascina del Pozzo SSA, die f\u00fcr die Verarbeitung Ihrer pers\u00f6nlichen Daten verantwortlich ist. Wir haben diese Datenschutzpolitik angenommen, die festlegt, wie cascinadelpozzo.com mit den gesammelten Informationen umgeht und aus welchen Gr\u00fcnden bestimmte pers\u00f6nliche Daten \u00fcber Sie gesammelt werden. Daher sollten Sie diese Datenschutzerkl\u00e4rung lesen, bevor Sie&#8230;<\/p>\n","protected":false},"author":1,"featured_media":0,"parent":0,"menu_order":0,"comment_status":"closed","ping_status":"open","template":"","meta":{"_kad_blocks_custom_css":"","_kad_blocks_head_custom_js":"","_kad_blocks_body_custom_js":"","_kad_blocks_footer_custom_js":"","_kadence_starter_templates_imported_post":false,"_kad_post_transparent":"","_kad_post_title":"","_kad_post_layout":"","_kad_post_sidebar_id":"","_kad_post_content_style":"","_kad_post_vertical_padding":"","_kad_post_feature":"","_kad_post_feature_position":"","_kad_post_header":false,"_kad_post_footer":false,"_kad_post_classname":"","footnotes":""},"class_list":["post-2328","page","type-page","status-publish","hentry"],"taxonomy_info":[],"featured_image_src_large":false,"author_info":{"display_name":"admin","author_link":"https:\/\/cascinadelpozzo.com\/de\/author\/admin\/"},"comment_info":0,"_links":{"self":[{"href":"https:\/\/cascinadelpozzo.com\/de\/wp-json\/wp\/v2\/pages\/2328","targetHints":{"allow":["GET"]}}],"collection":[{"href":"https:\/\/cascinadelpozzo.com\/de\/wp-json\/wp\/v2\/pages"}],"about":[{"href":"https:\/\/cascinadelpozzo.com\/de\/wp-json\/wp\/v2\/types\/page"}],"author":[{"embeddable":true,"href":"https:\/\/cascinadelpozzo.com\/de\/wp-json\/wp\/v2\/users\/1"}],"replies":[{"embeddable":true,"href":"https:\/\/cascinadelpozzo.com\/de\/wp-json\/wp\/v2\/comments?post=2328"}],"version-history":[{"count":1,"href":"https:\/\/cascinadelpozzo.com\/de\/wp-json\/wp\/v2\/pages\/2328\/revisions"}],"predecessor-version":[{"id":2337,"href":"https:\/\/cascinadelpozzo.com\/de\/wp-json\/wp\/v2\/pages\/2328\/revisions\/2337"}],"wp:attachment":[{"href":"https:\/\/cascinadelpozzo.com\/de\/wp-json\/wp\/v2\/media?parent=2328"}],"curies":[{"name":"wp","href":"https:\/\/api.w.org\/{rel}","templated":true}]}}